{"id":506,"date":"2023-09-13T15:20:56","date_gmt":"2023-09-13T13:20:56","guid":{"rendered":"https:\/\/stichtingesengo.nl\/assistance-individuelle\/"},"modified":"2023-09-13T15:25:18","modified_gmt":"2023-09-13T13:25:18","slug":"assistance-individuelle","status":"publish","type":"page","link":"https:\/\/stichtingesengo.nl\/fr\/a-propos-de-nous\/assistance-individuelle\/","title":{"rendered":"Assistance individuelle"},"content":{"rendered":"<p>[et_pb_section fb_built=\u00a0\u00bb1&Prime; _builder_version=\u00a0\u00bb4.22.1&Prime; _module_preset=\u00a0\u00bbdefault\u00a0\u00bb background_color=\u00a0\u00bb#FBE5B6&Prime; background_enable_image=\u00a0\u00bboff\u00a0\u00bb custom_padding=\u00a0\u00bb0px||0px||false|false\u00a0\u00bb global_colors_info=\u00a0\u00bb{}\u00a0\u00bb][et_pb_row _builder_version=\u00a0\u00bb4.21.0&Prime; _module_preset=\u00a0\u00bbdefault\u00a0\u00bb global_colors_info=\u00a0\u00bb{}\u00a0\u00bb][et_pb_column type=\u00a0\u00bb4_4&Prime; _builder_version=\u00a0\u00bb4.21.0&Prime; _module_preset=\u00a0\u00bbdefault\u00a0\u00bb global_colors_info=\u00a0\u00bb{}\u00a0\u00bb][et_pb_text _builder_version=\u00a0\u00bb4.22.1&Prime; _module_preset=\u00a0\u00bbdefault\u00a0\u00bb text_text_color=\u00a0\u00bb#FFFFFF\u00a0\u00bb header_2_text_align=\u00a0\u00bbleft\u00a0\u00bb header_2_text_color=\u00a0\u00bb#000000&Prime; text_orientation=\u00a0\u00bbcenter\u00a0\u00bb custom_padding=\u00a0\u00bb14px||14px||true|false\u00a0\u00bb global_colors_info=\u00a0\u00bb{}\u00a0\u00bb]<\/p>\n<h2>Assistance individuelle<\/h2>\n<p>[\/et_pb_text][\/et_pb_column][\/et_pb_row][\/et_pb_section][et_pb_section fb_built=\u00a0\u00bb1&Prime; _builder_version=\u00a0\u00bb4.21.0&Prime; _module_preset=\u00a0\u00bbdefault\u00a0\u00bb background_color=\u00a0\u00bb#fafafa\u00a0\u00bb background_image=\u00a0\u00bbhttps:\/\/stichtingesengo.nl\/wp-content\/uploads\/2023\/07\/afrika-pan-1.jpg\u00a0\u00bb parallax=\u00a0\u00bbon\u00a0\u00bb parallax_method=\u00a0\u00bboff\u00a0\u00bb global_colors_info=\u00a0\u00bb{}\u00a0\u00bb][et_pb_row column_structure=\u00a0\u00bb3_5,2_5&Prime; make_equal=\u00a0\u00bbon\u00a0\u00bb _builder_version=\u00a0\u00bb4.22.1&Prime; _module_preset=\u00a0\u00bbdefault\u00a0\u00bb global_colors_info=\u00a0\u00bb{}\u00a0\u00bb][et_pb_column type=\u00a0\u00bb3_5&Prime; _builder_version=\u00a0\u00bb4.22.1&Prime; _module_preset=\u00a0\u00bbdefault\u00a0\u00bb custom_css_main_element=\u00a0\u00bbmargin: auto;\u00a0\u00bb global_colors_info=\u00a0\u00bb{}\u00a0\u00bb][et_pb_text _builder_version=\u00a0\u00bb4.22.1&Prime; _module_preset=\u00a0\u00bbdefault\u00a0\u00bb text_font=\u00a0\u00bb|300|||||||\u00a0\u00bb text_line_height=\u00a0\u00bb1.8em\u00a0\u00bb custom_padding=\u00a0\u00bb||50px||false|false\u00a0\u00bb global_colors_info=\u00a0\u00bb{}\u00a0\u00bb]<\/p>\n<p>Par le biais d&rsquo;une assistance individuelle, nous donnons aux jeunes issus de familles tr\u00e8s vuln\u00e9rables une chance de suivre une formation professionnelle. Le jeune est jumel\u00e9 \u00e0 un parrain aux Pays-Bas. Il s&rsquo;agit de 300 euros par ann\u00e9e scolaire pour l&rsquo;\u00e9ducation du jeune. Au d\u00e9part, l&rsquo;\u00e9l\u00e8ve re\u00e7oit un sac contenant du mat\u00e9riel scolaire, des v\u00eatements d&rsquo;\u00e9cole et un repas scolaire quotidien.<\/p>\n<p>Le jeune et ses parents sont conseill\u00e9s pour \u00e9viter, dans la mesure du possible, que le jeune n&rsquo;abandonne ses \u00e9tudes. Le parrain re\u00e7oit r\u00e9guli\u00e8rement des informations sur les progr\u00e8s de l&rsquo;\u00e9ducation du jeune par le biais d&rsquo;une lettre d&rsquo;information sur le projet et d&rsquo;une lettre personnelle avec la photo du jeune. De cette mani\u00e8re, les jeunes les plus vuln\u00e9rables ont une chance de recevoir une bonne \u00e9ducation et de trouver un emploi d\u00e9cent.<\/p>\n<p>[\/et_pb_text][\/et_pb_column][et_pb_column type=\u00a0\u00bb2_5&Prime; _builder_version=\u00a0\u00bb4.21.0&Prime; _module_preset=\u00a0\u00bbdefault\u00a0\u00bb custom_css_main_element=\u00a0\u00bbmargin:auto;\u00a0\u00bb global_colors_info=\u00a0\u00bb{}\u00a0\u00bb][et_pb_image src=\u00a0\u00bbhttps:\/\/stichtingesengo.nl\/wp-content\/uploads\/2023\/07\/WhatsApp-Image-2023-07-27-at-12.13.42.jpeg\u00a0\u00bb title_text=\u00a0\u00bbWhatsApp Image 2023-07-27 \u00e0 12.13.42&Prime; _builder_version=\u00a0\u00bb4.22.1&Prime; _module_preset=\u00a0\u00bbdefault\u00a0\u00bb global_colors_info=\u00a0\u00bb{}\u00a0\u00bb][\/et_pb_image][\/et_pb_column][\/et_pb_row][\/et_pb_section]<\/p>\n","protected":false},"excerpt":{"rendered":"<p>Assistance individuellePar le biais d&rsquo;une assistance individuelle, nous donnons aux jeunes issus de familles tr\u00e8s vuln\u00e9rables une chance de suivre une formation professionnelle. Le jeune est jumel\u00e9 \u00e0 un parrain aux Pays-Bas. Il s&rsquo;agit de 300 euros par ann\u00e9e scolaire pour l&rsquo;\u00e9ducation du jeune. Au d\u00e9part, l&rsquo;\u00e9l\u00e8ve re\u00e7oit un sac contenant du mat\u00e9riel scolaire, des [&hellip;]<\/p>\n","protected":false},"author":1,"featured_media":0,"parent":333,"menu_order":0,"comment_status":"closed","ping_status":"closed","template":"","meta":{"_et_pb_use_builder":"on","_et_pb_old_content":"","_et_gb_content_width":"","footnotes":""},"_links":{"self":[{"href":"https:\/\/stichtingesengo.nl\/fr\/wp-json\/wp\/v2\/pages\/506"}],"collection":[{"href":"https:\/\/stichtingesengo.nl\/fr\/wp-json\/wp\/v2\/pages"}],"about":[{"href":"https:\/\/stichtingesengo.nl\/fr\/wp-json\/wp\/v2\/types\/page"}],"author":[{"embeddable":true,"href":"https:\/\/stichtingesengo.nl\/fr\/wp-json\/wp\/v2\/users\/1"}],"replies":[{"embeddable":true,"href":"https:\/\/stichtingesengo.nl\/fr\/wp-json\/wp\/v2\/comments?post=506"}],"version-history":[{"count":10,"href":"https:\/\/stichtingesengo.nl\/fr\/wp-json\/wp\/v2\/pages\/506\/revisions"}],"predecessor-version":[{"id":535,"href":"https:\/\/stichtingesengo.nl\/fr\/wp-json\/wp\/v2\/pages\/506\/revisions\/535"}],"up":[{"embeddable":true,"href":"https:\/\/stichtingesengo.nl\/fr\/wp-json\/wp\/v2\/pages\/333"}],"wp:attachment":[{"href":"https:\/\/stichtingesengo.nl\/fr\/wp-json\/wp\/v2\/media?parent=506"}],"curies":[{"name":"wp","href":"https:\/\/api.w.org\/{rel}","templated":true}]}}