{"id":577,"date":"2023-09-13T15:33:54","date_gmt":"2023-09-13T13:33:54","guid":{"rendered":"https:\/\/stichtingesengo.nl\/volontariat-stage-sur-les-projets\/"},"modified":"2023-09-13T15:34:24","modified_gmt":"2023-09-13T13:34:24","slug":"volontariat-stage-sur-les-projets","status":"publish","type":"page","link":"https:\/\/stichtingesengo.nl\/fr\/a-propos-de-nous\/volontariat-stage-sur-les-projets\/","title":{"rendered":"Volontariat\/stage sur les projets"},"content":{"rendered":"<p>[et_pb_section fb_built=\u00a0\u00bb1&Prime; _builder_version=\u00a0\u00bb4.22.1&Prime; _module_preset=\u00a0\u00bbdefault\u00a0\u00bb background_color=\u00a0\u00bb#FBE5B6&Prime; background_enable_image=\u00a0\u00bboff\u00a0\u00bb custom_padding=\u00a0\u00bb0px||0px||false|false\u00a0\u00bb global_colors_info=\u00a0\u00bb{}\u00a0\u00bb theme_builder_area=\u00a0\u00bbpost_content\u00a0\u00bb][et_pb_row _builder_version=\u00a0\u00bb4.21.0&Prime; _module_preset=\u00a0\u00bbdefault\u00a0\u00bb global_colors_info=\u00a0\u00bb{}\u00a0\u00bb theme_builder_area=\u00a0\u00bbpost_content\u00a0\u00bb][et_pb_column type=\u00a0\u00bb4_4&Prime; _builder_version=\u00a0\u00bb4.21.0&Prime; _module_preset=\u00a0\u00bbdefault\u00a0\u00bb global_colors_info=\u00a0\u00bb{}\u00a0\u00bb theme_builder_area=\u00a0\u00bbpost_content\u00a0\u00bb][et_pb_text _builder_version=\u00a0\u00bb4.22.1&Prime; _module_preset=\u00a0\u00bbdefault\u00a0\u00bb text_text_color=\u00a0\u00bb#FFFFFF\u00a0\u00bb header_2_text_align=\u00a0\u00bbleft\u00a0\u00bb header_2_text_color=\u00a0\u00bb#000000&Prime; text_orientation=\u00a0\u00bbcenter\u00a0\u00bb custom_padding=\u00a0\u00bb14px||14px||true|false\u00a0\u00bb global_colors_info=\u00a0\u00bb{}\u00a0\u00bb theme_builder_area=\u00a0\u00bbpost_content\u00a0\u00bb]<\/p>\n<h2>Volontariat\/stage sur les projets<\/h2>\n<p>[\/et_pb_text][\/et_pb_column][\/et_pb_row][\/et_pb_section][et_pb_section fb_built=\u00a0\u00bb1&Prime; _builder_version=\u00a0\u00bb4.21.0&Prime; _module_preset=\u00a0\u00bbdefault\u00a0\u00bb background_color=\u00a0\u00bb#fafafa\u00a0\u00bb background_image=\u00a0\u00bbhttps:\/\/stichtingesengo.nl\/wp-content\/uploads\/2023\/07\/afrika-pan-1.jpg\u00a0\u00bb parallax=\u00a0\u00bbon\u00a0\u00bb parallax_method=\u00a0\u00bboff\u00a0\u00bb global_colors_info=\u00a0\u00bb{}\u00a0\u00bb theme_builder_area=\u00a0\u00bbpost_content\u00a0\u00bb][et_pb_row column_structure=\u00a0\u00bb3_5,2_5&Prime; make_equal=\u00a0\u00bbon\u00a0\u00bb _builder_version=\u00a0\u00bb4.22.1&Prime; _module_preset=\u00a0\u00bbdefault\u00a0\u00bb global_colors_info=\u00a0\u00bb{}\u00a0\u00bb theme_builder_area=\u00a0\u00bbpost_content\u00a0\u00bb][et_pb_column type=\u00a0\u00bb3_5&Prime; _builder_version=\u00a0\u00bb4.22.1&Prime; _module_preset=\u00a0\u00bbdefault\u00a0\u00bb custom_css_main_element=\u00a0\u00bbmargin: auto;\u00a0\u00bb global_colors_info=\u00a0\u00bb{}\u00a0\u00bb theme_builder_area=\u00a0\u00bbpost_content\u00a0\u00bb][et_pb_text _builder_version=\u00a0\u00bb4.22.1&Prime; _module_preset=\u00a0\u00bbdefault\u00a0\u00bb text_font=\u00a0\u00bb|300|||||||\u00a0\u00bb text_line_height=\u00a0\u00bb1.8em\u00a0\u00bb custom_padding=\u00a0\u00bb||50px||false|false\u00a0\u00bb hover_enabled=\u00a0\u00bb0&Prime; global_colors_info=\u00a0\u00bb{}\u00a0\u00bb theme_builder_area=\u00a0\u00bbpost_content\u00a0\u00bb sticky_enabled=\u00a0\u00bb0&Prime;]<\/p>\n<p>Il est possible de venir faire du volontariat dans les diff\u00e9rents projets au Congo, Bandundu Ville. Soutenir les femmes et les enfants dans les centres d&rsquo;accueil pour femmes. Vous soutiendrez les femmes en les aidant dans leurs t\u00e2ches quotidiennes et vous aiderez les enfants \u00e0 se d\u00e9velopper et \u00e0 am\u00e9liorer leur niveau d&rsquo;alphab\u00e9tisation.<\/p>\n<p>Nous sommes \u00e9galement toujours \u00e0 la recherche de b\u00e9n\u00e9voles pour venir partager leur expertise \u00e0 l&rsquo;\u00e9cole pratique. Par exemple, il est possible d&rsquo;organiser des cours th\u00e9oriques et pratiques en collaboration avec des enseignants locaux.<\/p>\n<p>Vous vivrez et travaillerez dans la ville de Bandundu o\u00f9 il est possible de loger dans une famille d&rsquo;accueil, sur le projet lui-m\u00eame ou de mani\u00e8re ind\u00e9pendante. D\u00e9couvrez une nouvelle culture, go\u00fbtez aux sp\u00e9cialit\u00e9s locales et d\u00e9couvrez les traditions et les coutumes. Pour plus d&rsquo;informations sur les stages et le b\u00e9n\u00e9volat dans le cadre des projets, n&rsquo;h\u00e9sitez pas \u00e0 nous contacter.<\/p>\n<p>[\/et_pb_text][et_pb_button button_url=\u00a0\u00bbhttps:\/\/stichtingesengo.nl\/fr\/contact\/\u00a0\u00bb button_text=\u00a0\u00bbContact\u00a0\u00bb _builder_version=\u00a0\u00bb4.22.1&Prime; _module_preset=\u00a0\u00bbdefault\u00a0\u00bb global_colors_info=\u00a0\u00bb{}\u00a0\u00bb theme_builder_area=\u00a0\u00bbpost_content\u00a0\u00bb][\/et_pb_button][dsm_button _builder_version=\u00a0\u00bb4.22.1&Prime; _module_preset=\u00a0\u00bbdefault\u00a0\u00bb global_colors_info=\u00a0\u00bb{}\u00a0\u00bb theme_builder_area=\u00a0\u00bbpost_content\u00a0\u00bb][\/dsm_button][\/et_pb_column][et_pb_column type=\u00a0\u00bb2_5&Prime; _builder_version=\u00a0\u00bb4.21.0&Prime; _module_preset=\u00a0\u00bbdefault\u00a0\u00bb custom_css_main_element=\u00a0\u00bbmargin:auto;\u00a0\u00bb global_colors_info=\u00a0\u00bb{}\u00a0\u00bb theme_builder_area=\u00a0\u00bbpost_content\u00a0\u00bb][et_pb_image src=\u00a0\u00bbhttps:\/\/stichtingesengo.nl\/wp-content\/uploads\/2023\/07\/Aanpak2.jpg\u00a0\u00bb title_text=\u00a0\u00bbApproche2&Prime; _builder_version=\u00a0\u00bb4.22.1&Prime; _module_preset=\u00a0\u00bbdefault\u00a0\u00bb global_colors_info=\u00a0\u00bb{}\u00a0\u00bb theme_builder_area=\u00a0\u00bbpost_content\u00a0\u00bb][\/et_pb_image][\/et_pb_column][\/et_pb_row][\/et_pb_section]<\/p>\n","protected":false},"excerpt":{"rendered":"<p>Volontariat\/stage sur les projetsIl est possible de venir faire du volontariat dans les diff\u00e9rents projets au Congo, Bandundu Ville. Soutenir les femmes et les enfants dans les centres d&rsquo;accueil pour femmes. Vous soutiendrez les femmes en les aidant dans leurs t\u00e2ches quotidiennes et vous aiderez les enfants \u00e0 se d\u00e9velopper et \u00e0 am\u00e9liorer leur niveau [&hellip;]<\/p>\n","protected":false},"author":1,"featured_media":0,"parent":333,"menu_order":0,"comment_status":"closed","ping_status":"closed","template":"","meta":{"_et_pb_use_builder":"on","_et_pb_old_content":"","_et_gb_content_width":"","footnotes":""},"_links":{"self":[{"href":"https:\/\/stichtingesengo.nl\/fr\/wp-json\/wp\/v2\/pages\/577"}],"collection":[{"href":"https:\/\/stichtingesengo.nl\/fr\/wp-json\/wp\/v2\/pages"}],"about":[{"href":"https:\/\/stichtingesengo.nl\/fr\/wp-json\/wp\/v2\/types\/page"}],"author":[{"embeddable":true,"href":"https:\/\/stichtingesengo.nl\/fr\/wp-json\/wp\/v2\/users\/1"}],"replies":[{"embeddable":true,"href":"https:\/\/stichtingesengo.nl\/fr\/wp-json\/wp\/v2\/comments?post=577"}],"version-history":[{"count":4,"href":"https:\/\/stichtingesengo.nl\/fr\/wp-json\/wp\/v2\/pages\/577\/revisions"}],"predecessor-version":[{"id":583,"href":"https:\/\/stichtingesengo.nl\/fr\/wp-json\/wp\/v2\/pages\/577\/revisions\/583"}],"up":[{"embeddable":true,"href":"https:\/\/stichtingesengo.nl\/fr\/wp-json\/wp\/v2\/pages\/333"}],"wp:attachment":[{"href":"https:\/\/stichtingesengo.nl\/fr\/wp-json\/wp\/v2\/media?parent=577"}],"curies":[{"name":"wp","href":"https:\/\/api.w.org\/{rel}","templated":true}]}}