{"id":637,"date":"2023-10-06T10:56:21","date_gmt":"2023-10-06T08:56:21","guid":{"rendered":"https:\/\/stichtingesengo.nl\/comment-la-fondation-collecte-t-elle-des-fonds\/"},"modified":"2023-10-06T11:08:02","modified_gmt":"2023-10-06T09:08:02","slug":"financier","status":"publish","type":"page","link":"https:\/\/stichtingesengo.nl\/fr\/financier\/","title":{"rendered":"Financier"},"content":{"rendered":"<p>[et_pb_section fb_built=\u00a0\u00bb1&Prime; _builder_version=\u00a0\u00bb4.22.2&Prime; _module_preset=\u00a0\u00bbdefault\u00a0\u00bb background_enable_color=\u00a0\u00bboff\u00a0\u00bb background_image=\u00a0\u00bbhttps:\/\/stichtingesengo.nl\/wp-content\/uploads\/2023\/07\/Hero-1.jpg\u00a0\u00bb global_colors_info=\u00a0\u00bb{}\u00a0\u00bb][et_pb_row _builder_version=\u00a0\u00bb4.21.0&Prime; _module_preset=\u00a0\u00bbdefault\u00a0\u00bb global_colors_info=\u00a0\u00bb{}\u00a0\u00bb][et_pb_column type=\u00a0\u00bb4_4&Prime; _builder_version=\u00a0\u00bb4.21.0&Prime; _module_preset=\u00a0\u00bbdefault\u00a0\u00bb global_colors_info=\u00a0\u00bb{}\u00a0\u00bb][et_pb_text _builder_version=\u00a0\u00bb4.22.2&Prime; _module_preset=\u00a0\u00bbdefault\u00a0\u00bb text_text_color=\u00a0\u00bb#FFFFFF\u00a0\u00bb header_2_text_color=\u00a0\u00bb#FFFFFF\u00a0\u00bb text_orientation=\u00a0\u00bbcenter\u00a0\u00bb custom_padding=\u00a0\u00bb75px||75px||true|false\u00a0\u00bb global_colors_info=\u00a0\u00bb{}\u00a0\u00bb]<\/p>\n<h2>Financier<\/h2>\n<p>[\/et_pb_text][\/et_pb_column][\/et_pb_row][\/et_pb_section][et_pb_section fb_built=\u00a0\u00bb1&Prime; _builder_version=\u00a0\u00bb4.21.0&Prime; _module_preset=\u00a0\u00bbdefault\u00a0\u00bb global_colors_info=\u00a0\u00bb{}\u00a0\u00bb][et_pb_row column_structure=\u00a0\u00bb3_5,2_5&Prime; make_equal=\u00a0\u00bbon\u00a0\u00bb _builder_version=\u00a0\u00bb4.21.0&Prime; _module_preset=\u00a0\u00bbdefault\u00a0\u00bb global_colors_info=\u00a0\u00bb{}\u00a0\u00bb][et_pb_column type=\u00a0\u00bb3_5&Prime; _builder_version=\u00a0\u00bb4.21.0&Prime; _module_preset=\u00a0\u00bbdefault\u00a0\u00bb global_colors_info=\u00a0\u00bb{}\u00a0\u00bb][et_pb_text _builder_version=\u00a0\u00bb4.22.2&Prime; _module_preset=\u00a0\u00bbdefault\u00a0\u00bb header_4_text_align=\u00a0\u00bbleft\u00a0\u00bb text_orientation=\u00a0\u00bbcenter\u00a0\u00bb custom_margin=\u00a0\u00bb||0px||false|false\u00a0\u00bb custom_padding=\u00a0\u00bb||0px||false|false\u00a0\u00bb global_colors_info=\u00a0\u00bb{}\u00a0\u00bb]<\/p>\n<h4>Comment la fondation collecte-t-elle des fonds ?<\/h4>\n<p>[\/et_pb_text][et_pb_divider color=\u00a0\u00bb#2C6E63&Prime; divider_position=\u00a0\u00bbcenter\u00a0\u00bb divider_weight=\u00a0\u00bb8px\u00a0\u00bb _builder_version=\u00a0\u00bb4.21.0&Prime; _module_preset=\u00a0\u00bbdefault\u00a0\u00bb width=\u00a0\u00bb150px\u00a0\u00bb custom_margin=\u00a0\u00bb||||false|false\u00a0\u00bb custom_padding=\u00a0\u00bb||40px||false|false\u00a0\u00bb locked=\u00a0\u00bboff\u00a0\u00bb global_colors_info=\u00a0\u00bb{}\u00a0\u00bb][\/et_pb_divider][et_pb_text _builder_version=\u00a0\u00bb4.21.0&Prime; _module_preset=\u00a0\u00bbdefault\u00a0\u00bb text_font=\u00a0\u00bb|300|||||||\u00a0\u00bb text_line_height=\u00a0\u00bb1.8em\u00a0\u00bb custom_padding=\u00a0\u00bb||50px||false|false\u00a0\u00bb global_colors_info=\u00a0\u00bb{}\u00a0\u00bb]<\/p>\n<p>La fondation vise \u00e0 collecter cet argent par le biais de parrainages, de dons, de cadeaux, de subventions, de contributions \u00e0 des activit\u00e9s et de collectes de fonds.<\/p>\n<p>La collecte de fonds se fait \u00e0 petite \u00e9chelle mais de mani\u00e8re efficace et directe, par exemple lors de contacts avec des relations, tant priv\u00e9es que professionnelles. Maintenir activement les contacts existants avec les donateurs, les organisations et les partenaires de coop\u00e9ration, tout en recrutant de nouveaux contacts\/relations et donateurs. Cela peut se faire par lettre, par t\u00e9l\u00e9phone, en utilisant les m\u00e9dias multim\u00e9dias et les m\u00e9dias sociaux, par exemple. Mener des actions pour obtenir un financement. Il peut s&rsquo;agir d&rsquo;initiatives personnelles de personnes ou d&rsquo;organisations.<\/p>\n<p>La fondation est \u00e0 but non lucratif et d\u00e9pend des contributions d&rsquo;autres personnes.<\/p>\n<p>[\/et_pb_text][\/et_pb_column][et_pb_column type=\u00a0\u00bb2_5&Prime; _builder_version=\u00a0\u00bb4.21.0&Prime; _module_preset=\u00a0\u00bbdefault\u00a0\u00bb custom_css_main_element=\u00a0\u00bbmargin:auto;\u00a0\u00bb global_colors_info=\u00a0\u00bb{}\u00a0\u00bb][et_pb_image src=\u00a0\u00bbhttps:\/\/stichtingesengo.nl\/wp-content\/uploads\/2023\/07\/cropped-Logo-2.png\u00a0\u00bb title_text=\u00a0\u00bblogo recadr\u00e9-2.png\u00a0\u00bb _builder_version=\u00a0\u00bb4.21.0&Prime; _module_preset=\u00a0\u00bbdefault\u00a0\u00bb global_colors_info=\u00a0\u00bb{}\u00a0\u00bb][\/et_pb_image][\/et_pb_column][\/et_pb_row][\/et_pb_section][et_pb_section fb_built=\u00a0\u00bb1&Prime; _builder_version=\u00a0\u00bb4.21.0&Prime; _module_preset=\u00a0\u00bbdefault\u00a0\u00bb background_color=\u00a0\u00bb#fafafa\u00a0\u00bb background_image=\u00a0\u00bbhttps:\/\/stichtingesengo.nl\/wp-content\/uploads\/2023\/07\/afrika-pan-1.jpg\u00a0\u00bb parallax=\u00a0\u00bbon\u00a0\u00bb parallax_method=\u00a0\u00bboff\u00a0\u00bb global_colors_info=\u00a0\u00bb{}\u00a0\u00bb][et_pb_row column_structure=\u00a0\u00bb3_4,1_4&Prime; make_equal=\u00a0\u00bbon\u00a0\u00bb _builder_version=\u00a0\u00bb4.21.0&Prime; _module_preset=\u00a0\u00bbdefault\u00a0\u00bb global_colors_info=\u00a0\u00bb{}\u00a0\u00bb][et_pb_column type=\u00a0\u00bb3_4&Prime; _builder_version=\u00a0\u00bb4.21.0&Prime; _module_preset=\u00a0\u00bbdefault\u00a0\u00bb global_colors_info=\u00a0\u00bb{}\u00a0\u00bb][et_pb_text _builder_version=\u00a0\u00bb4.22.2&Prime; _module_preset=\u00a0\u00bbdefault\u00a0\u00bb header_4_text_align=\u00a0\u00bbleft\u00a0\u00bb text_orientation=\u00a0\u00bbcenter\u00a0\u00bb custom_margin=\u00a0\u00bb||0px||false|false\u00a0\u00bb custom_padding=\u00a0\u00bb||0px||false|false\u00a0\u00bb global_colors_info=\u00a0\u00bb{}\u00a0\u00bb]<\/p>\n<h4>Gestion et utilisation des actifs<\/h4>\n<p>[\/et_pb_text][et_pb_divider color=\u00a0\u00bb#FBE5B6&Prime; divider_position=\u00a0\u00bbcenter\u00a0\u00bb divider_weight=\u00a0\u00bb8px\u00a0\u00bb _builder_version=\u00a0\u00bb4.22.2&Prime; _module_preset=\u00a0\u00bbdefault\u00a0\u00bb width=\u00a0\u00bb150px\u00a0\u00bb module_alignment=\u00a0\u00bbleft\u00a0\u00bb custom_margin=\u00a0\u00bb||||false|false\u00a0\u00bb custom_padding=\u00a0\u00bb||40px||false|false\u00a0\u00bb locked=\u00a0\u00bboff\u00a0\u00bb global_colors_info=\u00a0\u00bb{}\u00a0\u00bb][\/et_pb_divider][et_pb_text _builder_version=\u00a0\u00bb4.22.2&Prime; _module_preset=\u00a0\u00bbdefault\u00a0\u00bb text_font=\u00a0\u00bb|300|||||||\u00a0\u00bb text_line_height=\u00a0\u00bb1.8em\u00a0\u00bb custom_padding=\u00a0\u00bb||50px||false|false\u00a0\u00bb global_colors_info=\u00a0\u00bb{}\u00a0\u00bb]<\/p>\n<p>La Fondation Esengo est tenue de conserver des archives. Les dossiers de la fondation doivent indiquer<\/p>\n<p>&#8211; Quels montants ont \u00e9t\u00e9 pay\u00e9s (par directeur) en frais et honoraires, quels montants ont \u00e9t\u00e9 d\u00e9pens\u00e9s pour la collecte de fonds et la gestion de l&rsquo;institution. Il en va de m\u00eame pour tous les autres co\u00fbts, quelles que soient la nature et l&rsquo;importance des revenus et des actifs de l&rsquo;institution.<br \/>&#8211; Les fonds re\u00e7us sont utilis\u00e9s pour mettre en \u0153uvre l&rsquo;objectif de la Fondation.<br \/>&#8211; \u00c0 la fin de l&rsquo;exercice financier (qui va du 1er janvier d&rsquo;une ann\u00e9e au 31 d\u00e9cembre de l&rsquo;ann\u00e9e suivante), le tr\u00e9sorier cl\u00f4ture les comptes. C&rsquo;est \u00e0 partir de ceux-ci que sont pr\u00e9par\u00e9s les comptes annuels comprenant le compte de r\u00e9sultat, les \u00e9tats financiers, le bilan, un \u00e9tat des recettes et des d\u00e9penses pour l&rsquo;exercice concern\u00e9. Le conseil d&rsquo;administration examine et v\u00e9rifie les documents, les approuve par sa signature et donne d\u00e9charge au tr\u00e9sorier. Apr\u00e8s approbation, un r\u00e9sum\u00e9 de celles-ci sera publi\u00e9 sur le site web.<\/p>\n<p>[\/et_pb_text][\/et_pb_column][et_pb_column type=\u00a0\u00bb1_4&Prime; _builder_version=\u00a0\u00bb4.21.0&Prime; _module_preset=\u00a0\u00bbdefault\u00a0\u00bb custom_css_main_element=\u00a0\u00bbmargin : Auto;\u00a0\u00bb global_colors_info=\u00a0\u00bb{}\u00a0\u00bb][\/et_pb_column][\/et_pb_row][\/et_pb_section]<\/p>\n","protected":false},"excerpt":{"rendered":"<p>FinancierComment la fondation collecte-t-elle des fonds ?La fondation vise \u00e0 collecter cet argent par le biais de parrainages, de dons, de cadeaux, de subventions, de contributions \u00e0 des activit\u00e9s et de collectes de fonds. La collecte de fonds se fait \u00e0 petite \u00e9chelle mais de mani\u00e8re efficace et directe, par exemple lors de contacts avec [&hellip;]<\/p>\n","protected":false},"author":1,"featured_media":0,"parent":0,"menu_order":0,"comment_status":"closed","ping_status":"closed","template":"","meta":{"_et_pb_use_builder":"on","_et_pb_old_content":"","_et_gb_content_width":"","footnotes":""},"_links":{"self":[{"href":"https:\/\/stichtingesengo.nl\/fr\/wp-json\/wp\/v2\/pages\/637"}],"collection":[{"href":"https:\/\/stichtingesengo.nl\/fr\/wp-json\/wp\/v2\/pages"}],"about":[{"href":"https:\/\/stichtingesengo.nl\/fr\/wp-json\/wp\/v2\/types\/page"}],"author":[{"embeddable":true,"href":"https:\/\/stichtingesengo.nl\/fr\/wp-json\/wp\/v2\/users\/1"}],"replies":[{"embeddable":true,"href":"https:\/\/stichtingesengo.nl\/fr\/wp-json\/wp\/v2\/comments?post=637"}],"version-history":[{"count":7,"href":"https:\/\/stichtingesengo.nl\/fr\/wp-json\/wp\/v2\/pages\/637\/revisions"}],"predecessor-version":[{"id":655,"href":"https:\/\/stichtingesengo.nl\/fr\/wp-json\/wp\/v2\/pages\/637\/revisions\/655"}],"wp:attachment":[{"href":"https:\/\/stichtingesengo.nl\/fr\/wp-json\/wp\/v2\/media?parent=637"}],"curies":[{"name":"wp","href":"https:\/\/api.w.org\/{rel}","templated":true}]}}